{"id":1721,"date":"2022-06-10T10:59:32","date_gmt":"2022-06-10T14:59:32","guid":{"rendered":"https:\/\/acpa2022.ca\/conference\/conferenciers\/tony-valeri\/"},"modified":"2022-06-10T11:14:23","modified_gmt":"2022-06-10T15:14:23","slug":"tony-valeri","status":"publish","type":"page","link":"https:\/\/acpa2022.ca\/fr\/conference\/conferenciers\/tony-valeri\/","title":{"rendered":"Tony Valeri"},"content":{"rendered":"<p><div class=\"fusion-fullwidth fullwidth-box fusion-builder-row-1 fusion-flex-container fusion-parallax-none nonhundred-percent-fullwidth non-hundred-percent-height-scrolling lazyload\" style=\"background-color: rgba(255,255,255,0);background-image:linear-gradient(180deg, rgba(0,0,0,0.15) 0%,rgba(0,0,0,0.15) 100%);background-position: center center;background-repeat: no-repeat;border-width: 0px 0px 0px 0px;border-color:#eae9e9;border-style:solid;-webkit-background-size:cover;-moz-background-size:cover;-o-background-size:cover;background-size:cover;\" data-bg=\"https:\/\/acpa2022.ca\/wp-content\/uploads\/2022\/02\/speakers-page-banner.jpg\" data-bg-gradient=\"linear-gradient(180deg, rgba(0,0,0,0.15) 0%,rgba(0,0,0,0.15) 100%)\" ><div class=\"fusion-builder-row fusion-row fusion-flex-align-items-flex-start fusion-flex-justify-content-center\" style=\"max-width:1248px;margin-left: calc(-4% \/ 2 );margin-right: calc(-4% \/ 2 );\"><div class=\"fusion-layout-column fusion_builder_column fusion-builder-column-0 fusion_builder_column_1_1 1_1 fusion-flex-column fusion-animated\" data-animationType=\"fadeInDown\" data-animationDuration=\"1.0\" data-animationOffset=\"top-into-view\"><div class=\"fusion-column-wrapper fusion-flex-justify-content-flex-start fusion-content-layout-column\" style=\"background-position:left top;background-repeat:no-repeat;-webkit-background-size:cover;-moz-background-size:cover;-o-background-size:cover;background-size:cover;padding: 0px 0px 0px 0px;\"><style type=\"text\/css\">@media only screen and (max-width:1024px) {.fusion-title.fusion-title-1{margin-top:0px!important; margin-right:0px!important;margin-bottom:10px!important;margin-left:0px!important;}}@media only screen and (max-width:640px) {.fusion-title.fusion-title-1{margin-top:0px!important; margin-right:0px!important;margin-bottom:0px!important; margin-left:0px!important;}}<\/style><div class=\"fusion-title title fusion-title-1 fusion-sep-none fusion-title-center fusion-title-text fusion-title-size-div h6\" style=\"margin-top:0px;margin-right:0px;margin-bottom:10px;margin-left:0px;\"><div class=\"title-heading-center title-heading-tag\" style=\"margin:0;\"><\/div><\/div><style type=\"text\/css\">@media only screen and (max-width:1024px) {.fusion-title.fusion-title-2{margin-top:0px!important; margin-right:0px!important;margin-bottom:31px!important;margin-left:0px!important;}}@media only screen and (max-width:640px) {.fusion-title.fusion-title-2{margin-top:0px!important; margin-right:0px!important;margin-bottom:20px!important; margin-left:0px!important;}}<\/style><div class=\"fusion-title title fusion-title-2 fusion-sep-none fusion-title-center fusion-title-text fusion-title-size-one white header-title\" style=\"margin-top:0px;margin-right:0px;margin-bottom:31px;margin-left:0px;\"><h1 class=\"title-heading-center\" style=\"margin:0;\">CONF\u00c9RENCIERS<\/h1><\/div><\/div><style type=\"text\/css\">.fusion-body .fusion-builder-column-0{width:100% !important;margin-top : 0px;margin-bottom : 0px;}.fusion-builder-column-0 > .fusion-column-wrapper {padding-top : 0px !important;padding-right : 0px !important;margin-right : 1.92%;padding-bottom : 0px !important;padding-left : 0px !important;margin-left : 1.92%;}@media only screen and (max-width:1024px) {.fusion-body .fusion-builder-column-0{width:100% !important;order : 0;}.fusion-builder-column-0 > .fusion-column-wrapper {margin-right : 1.92%;margin-left : 1.92%;}}@media only screen and (max-width:640px) {.fusion-body .fusion-builder-column-0{width:100% !important;order : 0;}.fusion-builder-column-0 > .fusion-column-wrapper {margin-right : 1.92%;margin-left : 1.92%;}}<\/style><\/div><\/div><style type=\"text\/css\">.fusion-body .fusion-flex-container.fusion-builder-row-1{ padding-top : 150px;margin-top : 0px;padding-right : 0px;padding-bottom : 120px;margin-bottom : 0px;padding-left : 0px;}@media only screen and (max-width:640px) {.fusion-body .fusion-flex-container.fusion-builder-row-1{ padding-top : 50px;padding-bottom : 50px;}}<\/style><\/div><div class=\"fusion-fullwidth fullwidth-box fusion-builder-row-2 fusion-flex-container nonhundred-percent-fullwidth non-hundred-percent-height-scrolling\" style=\"background-color: rgba(255,255,255,0);background-position: center center;background-repeat: no-repeat;border-width: 0px 0px 0px 0px;border-color:#eae9e9;border-style:solid;\" ><div class=\"fusion-builder-row fusion-row fusion-flex-align-items-flex-start\" style=\"max-width:1248px;margin-left: calc(-4% \/ 2 );margin-right: calc(-4% \/ 2 );\"><div class=\"fusion-layout-column fusion_builder_column fusion-builder-column-1 fusion_builder_column_1_3 1_3 fusion-flex-column\"><div class=\"fusion-column-wrapper fusion-flex-justify-content-flex-start fusion-content-layout-column\" style=\"background-position:left top;background-repeat:no-repeat;-webkit-background-size:cover;-moz-background-size:cover;-o-background-size:cover;background-size:cover;padding: 0px 0px 0px 0px;\"><div style=\"text-align:center;\"><span class=\" fusion-imageframe imageframe-none imageframe-1 hover-type-none\"><img decoding=\"async\" width=\"600\" height=\"600\" title=\"tony V\" src=\"https:\/\/acpa2022.ca\/wp-content\/uploads\/2022\/06\/tony-V.jpg\" data-orig-src=\"https:\/\/acpa2022.ca\/wp-content\/uploads\/2022\/06\/tony-V.jpg\" alt class=\"lazyload img-responsive wp-image-1699\" srcset=\"data:image\/svg+xml,%3Csvg%20xmlns%3D%27http%3A%2F%2Fwww.w3.org%2F2000%2Fsvg%27%20width%3D%27600%27%20height%3D%27600%27%20viewBox%3D%270%200%20600%20600%27%3E%3Crect%20width%3D%27600%27%20height%3D%27600%27%20fill-opacity%3D%220%22%2F%3E%3C%2Fsvg%3E\" data-srcset=\"https:\/\/acpa2022.ca\/wp-content\/uploads\/2022\/06\/tony-V-200x200.jpg 200w, https:\/\/acpa2022.ca\/wp-content\/uploads\/2022\/06\/tony-V-400x400.jpg 400w, https:\/\/acpa2022.ca\/wp-content\/uploads\/2022\/06\/tony-V.jpg 600w\" data-sizes=\"auto\" data-orig-sizes=\"(max-width: 640px) 100vw, 400px\" \/><\/span><\/div><\/div><style type=\"text\/css\">.fusion-body .fusion-builder-column-1{width:33.333333333333% !important;margin-top : 0px;margin-bottom : 20px;}.fusion-builder-column-1 > .fusion-column-wrapper {padding-top : 0px !important;padding-right : 0px !important;margin-right : 5.76%;padding-bottom : 0px !important;padding-left : 0px !important;margin-left : 5.76%;}@media only screen and (max-width:1024px) {.fusion-body .fusion-builder-column-1{width:33.333333333333% !important;order : 0;}.fusion-builder-column-1 > .fusion-column-wrapper {margin-right : 5.76%;margin-left : 5.76%;}}@media only screen and (max-width:640px) {.fusion-body .fusion-builder-column-1{width:100% !important;order : 0;}.fusion-builder-column-1 > .fusion-column-wrapper {margin-right : 1.92%;margin-left : 1.92%;}}<\/style><\/div><div class=\"fusion-layout-column fusion_builder_column fusion-builder-column-2 fusion_builder_column_2_3 2_3 fusion-flex-column\"><div class=\"fusion-column-wrapper fusion-flex-justify-content-flex-start fusion-content-layout-column\" style=\"background-position:left top;background-repeat:no-repeat;-webkit-background-size:cover;-moz-background-size:cover;-o-background-size:cover;background-size:cover;padding: 0px 0px 0px 0px;\"><style type=\"text\/css\">@media only screen and (max-width:1024px) {.fusion-title.fusion-title-3{margin-top:0px!important; margin-right:0px!important;margin-bottom:0px!important;margin-left:0px!important;}}@media only screen and (max-width:640px) {.fusion-title.fusion-title-3{margin-top:0px!important; margin-right:0px!important;margin-bottom:0px!important; margin-left:0px!important;}}<\/style><div class=\"fusion-title title fusion-title-3 fusion-sep-none fusion-title-text fusion-title-size-div h4\" style=\"margin-top:0px;margin-right:0px;margin-bottom:0px;margin-left:0px;\"><div class=\"title-heading-left title-heading-tag\" style=\"margin:0;\">Tony Valeri<\/div><\/div><div class=\"fusion-text fusion-text-1\" style=\"text-transform:none;\"><p><em>Vice-pr\u00e9sident des affaires g\u00e9n\u00e9rales, Arcelor Mittal Dofasco<\/em><br \/><strong>Conf\u00e9rencier : Great Lakes Innovation<\/strong><\/p>\n<\/div><div class=\"fusion-text fusion-text-2\" style=\"text-transform:none;\"><p>Tony se joint \u00e0 ArcelorMittal Dofasco en juin 2011 apr\u00e8s avoir quitt\u00e9 sa propre entreprise, Ridge Strategy Group, une soci\u00e9t\u00e9 de conseil en affaires publiques et en gestion. De 2011 \u00e0 avril 2022, Tony a \u00e9t\u00e9 responsable des communications, du d\u00e9veloppement durable et des relations gouvernementales et commerciales. En mai 2022, en tant que membre de l&rsquo;\u00e9quipe de direction, il a \u00e9t\u00e9 nomm\u00e9 \u00e0 son r\u00f4le actuel au sein de l&rsquo;\u00e9quipe D\u00e9carbonisation de l&rsquo;entreprise, dirigeant le financement et les relations gouvernementales. Dans ce cadre, Tony se concentre sur le chemin vers le net-z\u00e9ro pour le complexe d&rsquo;affinage de l&rsquo;acier d&rsquo;ArcelorMittal \u00e0 Hamilton.<\/p>\n<p>Tony a \u00e9t\u00e9 d\u00e9put\u00e9 pendant quatre mandats cons\u00e9cutifs, \u00e0 partir de 1993. Au cours de ses mandats, il a \u00e9t\u00e9 ministre des Transports et a ensuite dirig\u00e9 le programme l\u00e9gislatif du gouvernement en tant que leader du gouvernement \u00e0 la Chambre des communes. Avant d&rsquo;acc\u00e9der \u00e0 la fonction publique, il \u00e9tait directeur d&rsquo;un cabinet d&rsquo;assurance-vie et d&rsquo;assurance-maladie.<\/p>\n<p>Tony est dipl\u00f4m\u00e9 de l&rsquo;Universit\u00e9 McMaster et s&rsquo;implique activement dans la communaut\u00e9. Il est membre du conseil d&rsquo;administration des Manufacturiers et Exportateurs du Canada et du conseil d&rsquo;administration du St. Joseph&rsquo;s Health System.<\/p>\n<\/div><div ><style>.fusion-body .fusion-button.button-1{border-radius:0 0 0 0;}<\/style><a class=\"fusion-button button-flat fusion-button-default-size button-default button-1 fusion-button-default-span fusion-button-default-type\" target=\"_self\" href=\"\/fr\/conference\/conferenciers\/\"><span class=\"fusion-button-text\">Voir plus de conf\u00e9renciers<\/span><\/a><\/div><\/div><style type=\"text\/css\">.fusion-body .fusion-builder-column-2{width:66.666666666667% !important;margin-top : 0px;margin-bottom : 20px;}.fusion-builder-column-2 > .fusion-column-wrapper {padding-top : 0px !important;padding-right : 0px !important;margin-right : 2.88%;padding-bottom : 0px !important;padding-left : 0px !important;margin-left : 2.88%;}@media only screen and (max-width:1024px) {.fusion-body .fusion-builder-column-2{width:66.666666666667% !important;order : 0;}.fusion-builder-column-2 > .fusion-column-wrapper {margin-right : 2.88%;margin-left : 2.88%;}}@media only screen and (max-width:640px) {.fusion-body .fusion-builder-column-2{width:100% !important;order : 0;}.fusion-builder-column-2 > .fusion-column-wrapper {margin-right : 1.92%;margin-left : 1.92%;}}<\/style><\/div><\/div><style type=\"text\/css\">.fusion-body .fusion-flex-container.fusion-builder-row-2{ padding-top : 60px;margin-top : 0px;padding-right : 0px;padding-bottom : 0px;margin-bottom : 0px;padding-left : 0px;}@media only screen and (max-width:640px) {.fusion-body .fusion-flex-container.fusion-builder-row-2{ padding-top : 60px;padding-bottom : 60px;}}<\/style><\/div><\/p>\n","protected":false},"excerpt":{"rendered":"","protected":false},"author":1,"featured_media":0,"parent":936,"menu_order":0,"comment_status":"closed","ping_status":"closed","template":"100-width.php","meta":{"footnotes":""},"class_list":["post-1721","page","type-page","status-publish","hentry"],"yoast_head":"<!-- This site is optimized with the Yoast SEO plugin v27.4 - https:\/\/yoast.com\/product\/yoast-seo-wordpress\/ -->\n<title>Tony Valeri - 2022 ACPA Annual Conference<\/title>\n<meta name=\"description\" content=\"View details and bios of speakers for the 2022 ACPA Annual Conference.\" \/>\n<meta name=\"robots\" content=\"index, follow, max-snippet:-1, max-image-preview:large, max-video-preview:-1\" \/>\n<link rel=\"canonical\" href=\"https:\/\/acpa2022.ca\/fr\/conference\/conferenciers\/tony-valeri\/\" \/>\n<meta property=\"og:locale\" content=\"fr_FR\" \/>\n<meta property=\"og:type\" content=\"article\" \/>\n<meta property=\"og:title\" content=\"Tony Valeri - 2022 ACPA Annual Conference\" \/>\n<meta property=\"og:description\" content=\"View details and bios of speakers for the 2022 ACPA Annual Conference.\" \/>\n<meta property=\"og:url\" content=\"https:\/\/acpa2022.ca\/fr\/conference\/conferenciers\/tony-valeri\/\" \/>\n<meta property=\"og:site_name\" content=\"ACPA Annual Conference\" \/>\n<meta property=\"article:modified_time\" content=\"2022-06-10T15:14:23+00:00\" \/>\n<meta name=\"twitter:card\" content=\"summary_large_image\" \/>\n<meta name=\"twitter:label1\" content=\"Dur\u00e9e de lecture estim\u00e9e\" \/>\n\t<meta name=\"twitter:data1\" content=\"23 minutes\" \/>\n<script type=\"application\/ld+json\" class=\"yoast-schema-graph\">{\"@context\":\"https:\\\/\\\/schema.org\",\"@graph\":[{\"@type\":\"WebPage\",\"@id\":\"https:\\\/\\\/acpa2022.ca\\\/fr\\\/conference\\\/conferenciers\\\/tony-valeri\\\/\",\"url\":\"https:\\\/\\\/acpa2022.ca\\\/fr\\\/conference\\\/conferenciers\\\/tony-valeri\\\/\",\"name\":\"Tony Valeri - 2022 ACPA Annual Conference\",\"isPartOf\":{\"@id\":\"https:\\\/\\\/acpa2022.ca\\\/#website\"},\"datePublished\":\"2022-06-10T14:59:32+00:00\",\"dateModified\":\"2022-06-10T15:14:23+00:00\",\"description\":\"View details and bios of speakers for the 2022 ACPA Annual Conference.\",\"breadcrumb\":{\"@id\":\"https:\\\/\\\/acpa2022.ca\\\/fr\\\/conference\\\/conferenciers\\\/tony-valeri\\\/#breadcrumb\"},\"inLanguage\":\"fr-FR\",\"potentialAction\":[{\"@type\":\"ReadAction\",\"target\":[\"https:\\\/\\\/acpa2022.ca\\\/fr\\\/conference\\\/conferenciers\\\/tony-valeri\\\/\"]}]},{\"@type\":\"BreadcrumbList\",\"@id\":\"https:\\\/\\\/acpa2022.ca\\\/fr\\\/conference\\\/conferenciers\\\/tony-valeri\\\/#breadcrumb\",\"itemListElement\":[{\"@type\":\"ListItem\",\"position\":1,\"name\":\"Home\",\"item\":\"https:\\\/\\\/acpa2022.ca\\\/fr\\\/\"},{\"@type\":\"ListItem\",\"position\":2,\"name\":\"Conf\u00e9rence\",\"item\":\"https:\\\/\\\/acpa2022.ca\\\/conference\\\/\"},{\"@type\":\"ListItem\",\"position\":3,\"name\":\"Conf\u00e9renciers\",\"item\":\"https:\\\/\\\/acpa2022.ca\\\/conference\\\/speakers\\\/\"},{\"@type\":\"ListItem\",\"position\":4,\"name\":\"Tony Valeri\"}]},{\"@type\":\"WebSite\",\"@id\":\"https:\\\/\\\/acpa2022.ca\\\/#website\",\"url\":\"https:\\\/\\\/acpa2022.ca\\\/\",\"name\":\"ACPA Annual Conference\",\"description\":\"\",\"potentialAction\":[{\"@type\":\"SearchAction\",\"target\":{\"@type\":\"EntryPoint\",\"urlTemplate\":\"https:\\\/\\\/acpa2022.ca\\\/?s={search_term_string}\"},\"query-input\":{\"@type\":\"PropertyValueSpecification\",\"valueRequired\":true,\"valueName\":\"search_term_string\"}}],\"inLanguage\":\"fr-FR\"}]}<\/script>\n<!-- \/ Yoast SEO plugin. -->","yoast_head_json":{"title":"Tony Valeri - 2022 ACPA Annual Conference","description":"View details and bios of speakers for the 2022 ACPA Annual Conference.","robots":{"index":"index","follow":"follow","max-snippet":"max-snippet:-1","max-image-preview":"max-image-preview:large","max-video-preview":"max-video-preview:-1"},"canonical":"https:\/\/acpa2022.ca\/fr\/conference\/conferenciers\/tony-valeri\/","og_locale":"fr_FR","og_type":"article","og_title":"Tony Valeri - 2022 ACPA Annual Conference","og_description":"View details and bios of speakers for the 2022 ACPA Annual Conference.","og_url":"https:\/\/acpa2022.ca\/fr\/conference\/conferenciers\/tony-valeri\/","og_site_name":"ACPA Annual Conference","article_modified_time":"2022-06-10T15:14:23+00:00","twitter_card":"summary_large_image","twitter_misc":{"Dur\u00e9e de lecture estim\u00e9e":"23 minutes"},"schema":{"@context":"https:\/\/schema.org","@graph":[{"@type":"WebPage","@id":"https:\/\/acpa2022.ca\/fr\/conference\/conferenciers\/tony-valeri\/","url":"https:\/\/acpa2022.ca\/fr\/conference\/conferenciers\/tony-valeri\/","name":"Tony Valeri - 2022 ACPA Annual Conference","isPartOf":{"@id":"https:\/\/acpa2022.ca\/#website"},"datePublished":"2022-06-10T14:59:32+00:00","dateModified":"2022-06-10T15:14:23+00:00","description":"View details and bios of speakers for the 2022 ACPA Annual Conference.","breadcrumb":{"@id":"https:\/\/acpa2022.ca\/fr\/conference\/conferenciers\/tony-valeri\/#breadcrumb"},"inLanguage":"fr-FR","potentialAction":[{"@type":"ReadAction","target":["https:\/\/acpa2022.ca\/fr\/conference\/conferenciers\/tony-valeri\/"]}]},{"@type":"BreadcrumbList","@id":"https:\/\/acpa2022.ca\/fr\/conference\/conferenciers\/tony-valeri\/#breadcrumb","itemListElement":[{"@type":"ListItem","position":1,"name":"Home","item":"https:\/\/acpa2022.ca\/fr\/"},{"@type":"ListItem","position":2,"name":"Conf\u00e9rence","item":"https:\/\/acpa2022.ca\/conference\/"},{"@type":"ListItem","position":3,"name":"Conf\u00e9renciers","item":"https:\/\/acpa2022.ca\/conference\/speakers\/"},{"@type":"ListItem","position":4,"name":"Tony Valeri"}]},{"@type":"WebSite","@id":"https:\/\/acpa2022.ca\/#website","url":"https:\/\/acpa2022.ca\/","name":"ACPA Annual Conference","description":"","potentialAction":[{"@type":"SearchAction","target":{"@type":"EntryPoint","urlTemplate":"https:\/\/acpa2022.ca\/?s={search_term_string}"},"query-input":{"@type":"PropertyValueSpecification","valueRequired":true,"valueName":"search_term_string"}}],"inLanguage":"fr-FR"}]}},"_links":{"self":[{"href":"https:\/\/acpa2022.ca\/fr\/wp-json\/wp\/v2\/pages\/1721","targetHints":{"allow":["GET"]}}],"collection":[{"href":"https:\/\/acpa2022.ca\/fr\/wp-json\/wp\/v2\/pages"}],"about":[{"href":"https:\/\/acpa2022.ca\/fr\/wp-json\/wp\/v2\/types\/page"}],"author":[{"embeddable":true,"href":"https:\/\/acpa2022.ca\/fr\/wp-json\/wp\/v2\/users\/1"}],"replies":[{"embeddable":true,"href":"https:\/\/acpa2022.ca\/fr\/wp-json\/wp\/v2\/comments?post=1721"}],"version-history":[{"count":2,"href":"https:\/\/acpa2022.ca\/fr\/wp-json\/wp\/v2\/pages\/1721\/revisions"}],"predecessor-version":[{"id":1736,"href":"https:\/\/acpa2022.ca\/fr\/wp-json\/wp\/v2\/pages\/1721\/revisions\/1736"}],"up":[{"embeddable":true,"href":"https:\/\/acpa2022.ca\/fr\/wp-json\/wp\/v2\/pages\/936"}],"wp:attachment":[{"href":"https:\/\/acpa2022.ca\/fr\/wp-json\/wp\/v2\/media?parent=1721"}],"curies":[{"name":"wp","href":"https:\/\/api.w.org\/{rel}","templated":true}]}}