{"id":1725,"date":"2022-06-10T11:08:19","date_gmt":"2022-06-10T15:08:19","guid":{"rendered":"https:\/\/acpa2022.ca\/conference\/conferenciers\/matthias-gronstedt\/"},"modified":"2022-06-10T11:22:23","modified_gmt":"2022-06-10T15:22:23","slug":"matthias-gronstedt","status":"publish","type":"page","link":"https:\/\/acpa2022.ca\/fr\/conference\/conferenciers\/matthias-gronstedt\/","title":{"rendered":"Matthias Gronstedt"},"content":{"rendered":"<p><div class=\"fusion-fullwidth fullwidth-box fusion-builder-row-1 fusion-flex-container fusion-parallax-none nonhundred-percent-fullwidth non-hundred-percent-height-scrolling lazyload\" style=\"background-color: rgba(255,255,255,0);background-image:linear-gradient(180deg, rgba(0,0,0,0.15) 0%,rgba(0,0,0,0.15) 100%);background-position: center center;background-repeat: no-repeat;border-width: 0px 0px 0px 0px;border-color:#eae9e9;border-style:solid;-webkit-background-size:cover;-moz-background-size:cover;-o-background-size:cover;background-size:cover;\" data-bg=\"https:\/\/acpa2022.ca\/wp-content\/uploads\/2022\/02\/speakers-page-banner.jpg\" data-bg-gradient=\"linear-gradient(180deg, rgba(0,0,0,0.15) 0%,rgba(0,0,0,0.15) 100%)\" ><div class=\"fusion-builder-row fusion-row fusion-flex-align-items-flex-start fusion-flex-justify-content-center\" style=\"max-width:1248px;margin-left: calc(-4% \/ 2 );margin-right: calc(-4% \/ 2 );\"><div class=\"fusion-layout-column fusion_builder_column fusion-builder-column-0 fusion_builder_column_1_1 1_1 fusion-flex-column fusion-animated\" data-animationType=\"fadeInDown\" data-animationDuration=\"1.0\" data-animationOffset=\"top-into-view\"><div class=\"fusion-column-wrapper fusion-flex-justify-content-flex-start fusion-content-layout-column\" style=\"background-position:left top;background-repeat:no-repeat;-webkit-background-size:cover;-moz-background-size:cover;-o-background-size:cover;background-size:cover;padding: 0px 0px 0px 0px;\"><style type=\"text\/css\">@media only screen and (max-width:1024px) {.fusion-title.fusion-title-1{margin-top:0px!important; margin-right:0px!important;margin-bottom:10px!important;margin-left:0px!important;}}@media only screen and (max-width:640px) {.fusion-title.fusion-title-1{margin-top:0px!important; margin-right:0px!important;margin-bottom:0px!important; margin-left:0px!important;}}<\/style><div class=\"fusion-title title fusion-title-1 fusion-sep-none fusion-title-center fusion-title-text fusion-title-size-div h6\" style=\"margin-top:0px;margin-right:0px;margin-bottom:10px;margin-left:0px;\"><div class=\"title-heading-center title-heading-tag\" style=\"margin:0;\"><\/div><\/div><style type=\"text\/css\">@media only screen and (max-width:1024px) {.fusion-title.fusion-title-2{margin-top:0px!important; margin-right:0px!important;margin-bottom:31px!important;margin-left:0px!important;}}@media only screen and (max-width:640px) {.fusion-title.fusion-title-2{margin-top:0px!important; margin-right:0px!important;margin-bottom:20px!important; margin-left:0px!important;}}<\/style><div class=\"fusion-title title fusion-title-2 fusion-sep-none fusion-title-center fusion-title-text fusion-title-size-one white header-title\" style=\"margin-top:0px;margin-right:0px;margin-bottom:31px;margin-left:0px;\"><h1 class=\"title-heading-center\" style=\"margin:0;\">CONF\u00c9RENCIERS<\/h1><\/div><\/div><style type=\"text\/css\">.fusion-body .fusion-builder-column-0{width:100% !important;margin-top : 0px;margin-bottom : 0px;}.fusion-builder-column-0 > .fusion-column-wrapper {padding-top : 0px !important;padding-right : 0px !important;margin-right : 1.92%;padding-bottom : 0px !important;padding-left : 0px !important;margin-left : 1.92%;}@media only screen and (max-width:1024px) {.fusion-body .fusion-builder-column-0{width:100% !important;order : 0;}.fusion-builder-column-0 > .fusion-column-wrapper {margin-right : 1.92%;margin-left : 1.92%;}}@media only screen and (max-width:640px) {.fusion-body .fusion-builder-column-0{width:100% !important;order : 0;}.fusion-builder-column-0 > .fusion-column-wrapper {margin-right : 1.92%;margin-left : 1.92%;}}<\/style><\/div><\/div><style type=\"text\/css\">.fusion-body .fusion-flex-container.fusion-builder-row-1{ padding-top : 150px;margin-top : 0px;padding-right : 0px;padding-bottom : 120px;margin-bottom : 0px;padding-left : 0px;}@media only screen and (max-width:640px) {.fusion-body .fusion-flex-container.fusion-builder-row-1{ padding-top : 50px;padding-bottom : 50px;}}<\/style><\/div><div class=\"fusion-fullwidth fullwidth-box fusion-builder-row-2 fusion-flex-container nonhundred-percent-fullwidth non-hundred-percent-height-scrolling\" style=\"background-color: rgba(255,255,255,0);background-position: center center;background-repeat: no-repeat;border-width: 0px 0px 0px 0px;border-color:#eae9e9;border-style:solid;\" ><div class=\"fusion-builder-row fusion-row fusion-flex-align-items-flex-start\" style=\"max-width:1248px;margin-left: calc(-4% \/ 2 );margin-right: calc(-4% \/ 2 );\"><div class=\"fusion-layout-column fusion_builder_column fusion-builder-column-1 fusion_builder_column_1_3 1_3 fusion-flex-column\"><div class=\"fusion-column-wrapper fusion-flex-justify-content-flex-start fusion-content-layout-column\" style=\"background-position:left top;background-repeat:no-repeat;-webkit-background-size:cover;-moz-background-size:cover;-o-background-size:cover;background-size:cover;padding: 0px 0px 0px 0px;\"><div style=\"text-align:center;\"><span class=\" fusion-imageframe imageframe-none imageframe-1 hover-type-none\"><img decoding=\"async\" width=\"600\" height=\"600\" title=\"Matthias Gronstedt\" src=\"https:\/\/acpa2022.ca\/wp-content\/uploads\/2022\/06\/Matthias-Gronstedt.jpg\" data-orig-src=\"https:\/\/acpa2022.ca\/wp-content\/uploads\/2022\/06\/Matthias-Gronstedt.jpg\" alt class=\"lazyload img-responsive wp-image-1693\" srcset=\"data:image\/svg+xml,%3Csvg%20xmlns%3D%27http%3A%2F%2Fwww.w3.org%2F2000%2Fsvg%27%20width%3D%27600%27%20height%3D%27600%27%20viewBox%3D%270%200%20600%20600%27%3E%3Crect%20width%3D%27600%27%20height%3D%27600%27%20fill-opacity%3D%220%22%2F%3E%3C%2Fsvg%3E\" data-srcset=\"https:\/\/acpa2022.ca\/wp-content\/uploads\/2022\/06\/Matthias-Gronstedt-200x200.jpg 200w, https:\/\/acpa2022.ca\/wp-content\/uploads\/2022\/06\/Matthias-Gronstedt-400x400.jpg 400w, https:\/\/acpa2022.ca\/wp-content\/uploads\/2022\/06\/Matthias-Gronstedt.jpg 600w\" data-sizes=\"auto\" data-orig-sizes=\"(max-width: 640px) 100vw, 400px\" \/><\/span><\/div><\/div><style type=\"text\/css\">.fusion-body .fusion-builder-column-1{width:33.333333333333% !important;margin-top : 0px;margin-bottom : 20px;}.fusion-builder-column-1 > .fusion-column-wrapper {padding-top : 0px !important;padding-right : 0px !important;margin-right : 5.76%;padding-bottom : 0px !important;padding-left : 0px !important;margin-left : 5.76%;}@media only screen and (max-width:1024px) {.fusion-body .fusion-builder-column-1{width:33.333333333333% !important;order : 0;}.fusion-builder-column-1 > .fusion-column-wrapper {margin-right : 5.76%;margin-left : 5.76%;}}@media only screen and (max-width:640px) {.fusion-body .fusion-builder-column-1{width:100% !important;order : 0;}.fusion-builder-column-1 > .fusion-column-wrapper {margin-right : 1.92%;margin-left : 1.92%;}}<\/style><\/div><div class=\"fusion-layout-column fusion_builder_column fusion-builder-column-2 fusion_builder_column_2_3 2_3 fusion-flex-column\"><div class=\"fusion-column-wrapper fusion-flex-justify-content-flex-start fusion-content-layout-column\" style=\"background-position:left top;background-repeat:no-repeat;-webkit-background-size:cover;-moz-background-size:cover;-o-background-size:cover;background-size:cover;padding: 0px 0px 0px 0px;\"><style type=\"text\/css\">@media only screen and (max-width:1024px) {.fusion-title.fusion-title-3{margin-top:0px!important; margin-right:0px!important;margin-bottom:0px!important;margin-left:0px!important;}}@media only screen and (max-width:640px) {.fusion-title.fusion-title-3{margin-top:0px!important; margin-right:0px!important;margin-bottom:0px!important; margin-left:0px!important;}}<\/style><div class=\"fusion-title title fusion-title-3 fusion-sep-none fusion-title-text fusion-title-size-div h4\" style=\"margin-top:0px;margin-right:0px;margin-bottom:0px;margin-left:0px;\"><div class=\"title-heading-left title-heading-tag\" style=\"margin:0;\">Matthias Gronstedt<\/div><\/div><div class=\"fusion-text fusion-text-1\" style=\"text-transform:none;\"><p><em>Directeur g\u00e9n\u00e9ral, HHLA Sky GmbH<\/em><br \/><strong>Conf\u00e9rencier : Great Lakes Innovation<\/strong><\/p>\n<\/div><div class=\"fusion-text fusion-text-2\" style=\"text-transform:none;\"><p>Matthias Gronstedt est le Directeur g\u00e9n\u00e9ral de HHLA Sky depuis 2018. Sa mission est de : \u00ab\u00a0Rendre les drones utilisables de mani\u00e8re \u00e9volutive et efficace pour les milieux industriels &#8211; ouvrir la 3e dimension, en toute s\u00e9curit\u00e9, aux processus commerciaux existants et ajouter de nouveaux processus innovants !\u00a0\u00bb. Cette t\u00e2che lui a \u00e9t\u00e9 confi\u00e9e par le PDG de Hamburg Harbor Logistics AG (HHLA), la troisi\u00e8me plus grande entreprise portuaire d&rsquo;Europe, qui est un pionnier de l&rsquo;automatisation extensive des terminaux \u00e0 conteneurs, li\u00e9s \u00e0 un r\u00e9seau de distribution multimodal reliant diverses r\u00e9gions d&rsquo;Europe. S&rsquo;appuyant sur son implication de longue date dans les r\u00e9seaux et l&rsquo;automatisation industriels, ainsi que sur sa formation en informatique et son exp\u00e9rience internationale en mati\u00e8re de ventes techniques et strat\u00e9giques et de d\u00e9veloppement commercial, il a entrepris (avec une petite \u00e9quipe) de d\u00e9velopper un syst\u00e8me complet permettant le contr\u00f4le et la surveillance actifs et intelligents de plus de 100 drones et autres v\u00e9hicules (VGA) et de leurs t\u00e2ches \u00e0 partir de centres de contr\u00f4le int\u00e9gr\u00e9s. L&rsquo;utilisation de protocoles industriels et de r\u00e9seaux de communication mobile, les normes de cybers\u00e9curit\u00e9 de l&rsquo;IdO, ainsi que le respect des normes internationales de s\u00e9curit\u00e9 des machines &#8211; tout cela a contribu\u00e9 \u00e0 \u00e9tablir un cadre pr\u00eat pour l&rsquo;avenir pour l&rsquo;exploitation \u00e9volutive des drones. Le syst\u00e8me, compos\u00e9 d&rsquo;\u00e9l\u00e9ments mat\u00e9riels et logiciels, a \u00e9t\u00e9 rendu public et est op\u00e9rationnel depuis d\u00e9but 2020. Matthias et HHLA Sky sont \u00e9galement impliqu\u00e9s dans divers projets de recherche li\u00e9s aux drones, plus particuli\u00e8rement dans une initiative en cours du gouvernement allemand. Anticipant le cadre l\u00e9gislatif de l&rsquo;UE pour U-Space, la combinaison de la recherche sur des sujets tels que la priorisation, la d\u00e9confliction et la mod\u00e9lisation de la demande, ainsi que le d\u00e9veloppement d&rsquo;un prototype UTM (pour g\u00e9rer efficacement le trafic de drones, principalement dans un environnement urbain), a rassembl\u00e9 un groupe vari\u00e9 de partenaires avant-gardistes issus de l&rsquo;industrie, du gouvernement et du monde universitaire. Avant de rejoindre HHLA Sky, Matthias Gronstedt a travaill\u00e9 pour HPC Hamburg Port Consulting en tant que consultant en strat\u00e9gie num\u00e9rique, apr\u00e8s avoir proc\u00e9d\u00e9 \u00e0 la refonte totale d&rsquo;un fournisseur de mat\u00e9riaux de construction. Matthias Gronstedt a \u00e9tudi\u00e9 \u00e0 l&rsquo;ESMT de Berlin, en Allemagne, et est titulaire d&rsquo;un dipl\u00f4me d&rsquo;ing\u00e9nieur en technologies de l&rsquo;information\/TI, ainsi que d&rsquo;un dipl\u00f4me en gestion des technologies. Il a pass\u00e9 l&rsquo;essentiel de sa carri\u00e8re professionnelle chez Siemens.<\/p>\n<\/div><div ><style>.fusion-body .fusion-button.button-1{border-radius:0 0 0 0;}<\/style><a class=\"fusion-button button-flat fusion-button-default-size button-default button-1 fusion-button-default-span fusion-button-default-type\" target=\"_self\" href=\"\/fr\/conference\/conferenciers\/\"><span class=\"fusion-button-text\">Voir plus de conf\u00e9renciers<\/span><\/a><\/div><\/div><style type=\"text\/css\">.fusion-body .fusion-builder-column-2{width:66.666666666667% !important;margin-top : 0px;margin-bottom : 20px;}.fusion-builder-column-2 > .fusion-column-wrapper {padding-top : 0px !important;padding-right : 0px !important;margin-right : 2.88%;padding-bottom : 0px !important;padding-left : 0px !important;margin-left : 2.88%;}@media only screen and (max-width:1024px) {.fusion-body .fusion-builder-column-2{width:66.666666666667% !important;order : 0;}.fusion-builder-column-2 > .fusion-column-wrapper {margin-right : 2.88%;margin-left : 2.88%;}}@media only screen and (max-width:640px) {.fusion-body .fusion-builder-column-2{width:100% !important;order : 0;}.fusion-builder-column-2 > .fusion-column-wrapper {margin-right : 1.92%;margin-left : 1.92%;}}<\/style><\/div><\/div><style type=\"text\/css\">.fusion-body .fusion-flex-container.fusion-builder-row-2{ padding-top : 60px;margin-top : 0px;padding-right : 0px;padding-bottom : 0px;margin-bottom : 0px;padding-left : 0px;}@media only screen and (max-width:640px) {.fusion-body .fusion-flex-container.fusion-builder-row-2{ padding-top : 60px;padding-bottom : 60px;}}<\/style><\/div><\/p>\n","protected":false},"excerpt":{"rendered":"","protected":false},"author":1,"featured_media":0,"parent":936,"menu_order":0,"comment_status":"closed","ping_status":"closed","template":"100-width.php","meta":{"footnotes":""},"class_list":["post-1725","page","type-page","status-publish","hentry"],"yoast_head":"<!-- This site is optimized with the Yoast SEO plugin v27.3 - https:\/\/yoast.com\/product\/yoast-seo-wordpress\/ -->\n<title>Matthias Gronstedt - 2022 ACPA Annual Conference<\/title>\n<meta name=\"description\" content=\"View details and bios of speakers for the 2022 ACPA Annual Conference.\" \/>\n<meta name=\"robots\" content=\"index, follow, max-snippet:-1, max-image-preview:large, max-video-preview:-1\" \/>\n<link rel=\"canonical\" href=\"https:\/\/acpa2022.ca\/fr\/conference\/conferenciers\/matthias-gronstedt\/\" \/>\n<meta property=\"og:locale\" content=\"fr_FR\" \/>\n<meta property=\"og:type\" content=\"article\" \/>\n<meta property=\"og:title\" content=\"Matthias Gronstedt - 2022 ACPA Annual Conference\" \/>\n<meta property=\"og:description\" content=\"View details and bios of speakers for the 2022 ACPA Annual Conference.\" \/>\n<meta property=\"og:url\" content=\"https:\/\/acpa2022.ca\/fr\/conference\/conferenciers\/matthias-gronstedt\/\" \/>\n<meta property=\"og:site_name\" content=\"ACPA Annual Conference\" \/>\n<meta property=\"article:modified_time\" content=\"2022-06-10T15:22:23+00:00\" \/>\n<meta name=\"twitter:card\" content=\"summary_large_image\" \/>\n<meta name=\"twitter:label1\" content=\"Dur\u00e9e de lecture estim\u00e9e\" \/>\n\t<meta name=\"twitter:data1\" content=\"23 minutes\" \/>\n<script type=\"application\/ld+json\" class=\"yoast-schema-graph\">{\"@context\":\"https:\\\/\\\/schema.org\",\"@graph\":[{\"@type\":\"WebPage\",\"@id\":\"https:\\\/\\\/acpa2022.ca\\\/fr\\\/conference\\\/conferenciers\\\/matthias-gronstedt\\\/\",\"url\":\"https:\\\/\\\/acpa2022.ca\\\/fr\\\/conference\\\/conferenciers\\\/matthias-gronstedt\\\/\",\"name\":\"Matthias Gronstedt - 2022 ACPA Annual Conference\",\"isPartOf\":{\"@id\":\"https:\\\/\\\/acpa2022.ca\\\/#website\"},\"datePublished\":\"2022-06-10T15:08:19+00:00\",\"dateModified\":\"2022-06-10T15:22:23+00:00\",\"description\":\"View details and bios of speakers for the 2022 ACPA Annual Conference.\",\"breadcrumb\":{\"@id\":\"https:\\\/\\\/acpa2022.ca\\\/fr\\\/conference\\\/conferenciers\\\/matthias-gronstedt\\\/#breadcrumb\"},\"inLanguage\":\"fr-FR\",\"potentialAction\":[{\"@type\":\"ReadAction\",\"target\":[\"https:\\\/\\\/acpa2022.ca\\\/fr\\\/conference\\\/conferenciers\\\/matthias-gronstedt\\\/\"]}]},{\"@type\":\"BreadcrumbList\",\"@id\":\"https:\\\/\\\/acpa2022.ca\\\/fr\\\/conference\\\/conferenciers\\\/matthias-gronstedt\\\/#breadcrumb\",\"itemListElement\":[{\"@type\":\"ListItem\",\"position\":1,\"name\":\"Home\",\"item\":\"https:\\\/\\\/acpa2022.ca\\\/fr\\\/\"},{\"@type\":\"ListItem\",\"position\":2,\"name\":\"Conf\u00e9rence\",\"item\":\"https:\\\/\\\/acpa2022.ca\\\/conference\\\/\"},{\"@type\":\"ListItem\",\"position\":3,\"name\":\"Conf\u00e9renciers\",\"item\":\"https:\\\/\\\/acpa2022.ca\\\/conference\\\/speakers\\\/\"},{\"@type\":\"ListItem\",\"position\":4,\"name\":\"Matthias Gronstedt\"}]},{\"@type\":\"WebSite\",\"@id\":\"https:\\\/\\\/acpa2022.ca\\\/#website\",\"url\":\"https:\\\/\\\/acpa2022.ca\\\/\",\"name\":\"ACPA Annual Conference\",\"description\":\"\",\"potentialAction\":[{\"@type\":\"SearchAction\",\"target\":{\"@type\":\"EntryPoint\",\"urlTemplate\":\"https:\\\/\\\/acpa2022.ca\\\/?s={search_term_string}\"},\"query-input\":{\"@type\":\"PropertyValueSpecification\",\"valueRequired\":true,\"valueName\":\"search_term_string\"}}],\"inLanguage\":\"fr-FR\"}]}<\/script>\n<!-- \/ Yoast SEO plugin. -->","yoast_head_json":{"title":"Matthias Gronstedt - 2022 ACPA Annual Conference","description":"View details and bios of speakers for the 2022 ACPA Annual Conference.","robots":{"index":"index","follow":"follow","max-snippet":"max-snippet:-1","max-image-preview":"max-image-preview:large","max-video-preview":"max-video-preview:-1"},"canonical":"https:\/\/acpa2022.ca\/fr\/conference\/conferenciers\/matthias-gronstedt\/","og_locale":"fr_FR","og_type":"article","og_title":"Matthias Gronstedt - 2022 ACPA Annual Conference","og_description":"View details and bios of speakers for the 2022 ACPA Annual Conference.","og_url":"https:\/\/acpa2022.ca\/fr\/conference\/conferenciers\/matthias-gronstedt\/","og_site_name":"ACPA Annual Conference","article_modified_time":"2022-06-10T15:22:23+00:00","twitter_card":"summary_large_image","twitter_misc":{"Dur\u00e9e de lecture estim\u00e9e":"23 minutes"},"schema":{"@context":"https:\/\/schema.org","@graph":[{"@type":"WebPage","@id":"https:\/\/acpa2022.ca\/fr\/conference\/conferenciers\/matthias-gronstedt\/","url":"https:\/\/acpa2022.ca\/fr\/conference\/conferenciers\/matthias-gronstedt\/","name":"Matthias Gronstedt - 2022 ACPA Annual Conference","isPartOf":{"@id":"https:\/\/acpa2022.ca\/#website"},"datePublished":"2022-06-10T15:08:19+00:00","dateModified":"2022-06-10T15:22:23+00:00","description":"View details and bios of speakers for the 2022 ACPA Annual Conference.","breadcrumb":{"@id":"https:\/\/acpa2022.ca\/fr\/conference\/conferenciers\/matthias-gronstedt\/#breadcrumb"},"inLanguage":"fr-FR","potentialAction":[{"@type":"ReadAction","target":["https:\/\/acpa2022.ca\/fr\/conference\/conferenciers\/matthias-gronstedt\/"]}]},{"@type":"BreadcrumbList","@id":"https:\/\/acpa2022.ca\/fr\/conference\/conferenciers\/matthias-gronstedt\/#breadcrumb","itemListElement":[{"@type":"ListItem","position":1,"name":"Home","item":"https:\/\/acpa2022.ca\/fr\/"},{"@type":"ListItem","position":2,"name":"Conf\u00e9rence","item":"https:\/\/acpa2022.ca\/conference\/"},{"@type":"ListItem","position":3,"name":"Conf\u00e9renciers","item":"https:\/\/acpa2022.ca\/conference\/speakers\/"},{"@type":"ListItem","position":4,"name":"Matthias Gronstedt"}]},{"@type":"WebSite","@id":"https:\/\/acpa2022.ca\/#website","url":"https:\/\/acpa2022.ca\/","name":"ACPA Annual Conference","description":"","potentialAction":[{"@type":"SearchAction","target":{"@type":"EntryPoint","urlTemplate":"https:\/\/acpa2022.ca\/?s={search_term_string}"},"query-input":{"@type":"PropertyValueSpecification","valueRequired":true,"valueName":"search_term_string"}}],"inLanguage":"fr-FR"}]}},"_links":{"self":[{"href":"https:\/\/acpa2022.ca\/fr\/wp-json\/wp\/v2\/pages\/1725","targetHints":{"allow":["GET"]}}],"collection":[{"href":"https:\/\/acpa2022.ca\/fr\/wp-json\/wp\/v2\/pages"}],"about":[{"href":"https:\/\/acpa2022.ca\/fr\/wp-json\/wp\/v2\/types\/page"}],"author":[{"embeddable":true,"href":"https:\/\/acpa2022.ca\/fr\/wp-json\/wp\/v2\/users\/1"}],"replies":[{"embeddable":true,"href":"https:\/\/acpa2022.ca\/fr\/wp-json\/wp\/v2\/comments?post=1725"}],"version-history":[{"count":2,"href":"https:\/\/acpa2022.ca\/fr\/wp-json\/wp\/v2\/pages\/1725\/revisions"}],"predecessor-version":[{"id":1739,"href":"https:\/\/acpa2022.ca\/fr\/wp-json\/wp\/v2\/pages\/1725\/revisions\/1739"}],"up":[{"embeddable":true,"href":"https:\/\/acpa2022.ca\/fr\/wp-json\/wp\/v2\/pages\/936"}],"wp:attachment":[{"href":"https:\/\/acpa2022.ca\/fr\/wp-json\/wp\/v2\/media?parent=1725"}],"curies":[{"name":"wp","href":"https:\/\/api.w.org\/{rel}","templated":true}]}}